{"id":1067,"date":"2022-06-23T14:34:54","date_gmt":"2022-06-23T18:34:54","guid":{"rendered":"https:\/\/lumirlasers.com\/terms-of-use\/"},"modified":"2024-06-17T16:40:48","modified_gmt":"2024-06-17T20:40:48","slug":"conditions-utilisation","status":"publish","type":"page","link":"https:\/\/lumirlasers.com\/fr\/conditions-utilisation\/","title":{"rendered":"Conditions d&rsquo;utilisation"},"content":{"rendered":"\n<p>Ces conditions d&rsquo;utilisation r\u00e9gissent votre utilisation du site Web situ\u00e9 \u00e0 l&rsquo;adresse https:\/\/lumirlasers.com et de tous les services associ\u00e9s fournis par LumIR Lasers.<\/p>\n\n\n\n<p>En acc\u00e9dant \u00e0 https:\/\/lumirlasers.com, vous acceptez de respecter ces conditions d&rsquo;utilisation et de vous conformer \u00e0 toutes les lois et r\u00e9glementations applicables. Si vous n&rsquo;\u00eates pas d&rsquo;accord avec ces conditions d&rsquo;utilisation, il vous est interdit d&rsquo;utiliser ou d&rsquo;acc\u00e9der \u00e0 ce site Web ou d&rsquo;utiliser tout autre service fourni par LumIR Lasers.<\/p>\n\n\n\n<p>Nous, LumIR Lasers, nous r\u00e9servons le droit de r\u00e9viser et de modifier ces conditions d&rsquo;utilisation \u00e0 notre seule discr\u00e9tion. Ce faisant, nous mettrons \u00e0 jour cette page. Toute modification apport\u00e9e \u00e0 ces conditions d&rsquo;utilisation prendra effet imm\u00e9diatement \u00e0 compter de la date de publication.<\/p>\n\n\n\n<p>Ces conditions d&rsquo;utilisation ont \u00e9t\u00e9 mises \u00e0 jour pour la derni\u00e8re fois le 20 juin 2022.<\/p>\n\n\n\n<h2 class=\"wp-block-heading\">Limites d&rsquo;utilisation<\/h2>\n\n\n\n<p>En utilisant ce site Web, vous garantissez en votre nom, au nom de vos utilisateurs et des autres parties que vous repr\u00e9sentez que vous ne\u00a0:<\/p>\n\n\n\n<div class=\"wp-block-group\"><div class=\"wp-block-group__inner-container is-layout-flow wp-block-group-is-layout-flow\">\n<ul class=\"wp-block-list\">\n<li>modifierez, copierez, pr\u00e9parerez des \u0153uvres d\u00e9riv\u00e9es, d\u00e9compilerez ou ferez de l&rsquo;ing\u00e9nierie inverse sur tout mat\u00e9riel et logiciel contenu sur ce site Web\u00a0;<\/li>\n\n\n\n<li>supprimerez tout droit d&rsquo;auteur ou autre mention de propri\u00e9t\u00e9 de tout mat\u00e9riel et logiciel sur ce site Web\u00a0;<\/li>\n\n\n\n<li>transf\u00e9rerez le mat\u00e9riel \u00e0 une autre personne ou \u00ab\u00a0refl\u00e9terez\u00a0\u00bb le mat\u00e9riel sur tout autre serveur\u00a0;<\/li>\n\n\n\n<li>utiliserez sciemment ou par n\u00e9gligence ce site Web ou l&rsquo;un de ses services associ\u00e9s d&rsquo;une mani\u00e8re qui abuse ou perturbe nos r\u00e9seaux ou tout autre service fourni par LumIR Lasers\u00a0;<\/li>\n\n\n\n<li>utiliserez ce site Web ou ses services associ\u00e9s pour transmettre ou publier tout mat\u00e9riel harcelant, ind\u00e9cent, obsc\u00e8ne, frauduleux ou ill\u00e9gal\u00a0;<\/li>\n\n\n\n<li>utiliserez ce site Web ou ses services associ\u00e9s en violation de toute loi ou r\u00e9glementation applicable\u00a0;<\/li>\n\n\n\n<li>utiliserez ce site Web en conjonction avec l&rsquo;envoi de publicit\u00e9s ou de spams non autoris\u00e9s\u00a0;<\/li>\n\n\n\n<li>r\u00e9colterez, collecterez ou rassemblerez des donn\u00e9es utilisateur sans le consentement de l&rsquo;utilisateur\u00a0; ou<\/li>\n\n\n\n<li>utiliser ce site Web ou ses services associ\u00e9s d&rsquo;une mani\u00e8re qui pourrait porter atteinte \u00e0 la vie priv\u00e9e, aux droits de propri\u00e9t\u00e9 intellectuelle ou \u00e0 d&rsquo;autres droits de tiers.<\/li>\n<\/ul>\n\n\n\n<h2 class=\"wp-block-heading\">Propri\u00e9t\u00e9 intellectuelle<\/h2>\n<\/div><\/div>\n\n\n\n<p>La propri\u00e9t\u00e9 intellectuelle des documents contenus dans ce site Web appartient \u00e0 LumIR Lasers ou lui est conc\u00e9d\u00e9e sous licence et est prot\u00e9g\u00e9e par les lois applicables en mati\u00e8re de droits d&rsquo;auteur et de marques. Nous accordons \u00e0 nos utilisateurs la permission de t\u00e9l\u00e9charger une copie des documents pour une utilisation transitoire personnelle et non commerciale.<\/p>\n\n\n\n<p>Il s&rsquo;agit de l&rsquo;octroi d&rsquo;une licence et non d&rsquo;un transfert de titre. Cette licence sera automatiquement r\u00e9sili\u00e9e si vous violez l&rsquo;une de ces restrictions ou les conditions d&rsquo;utilisation, et pourra \u00eatre r\u00e9sili\u00e9e par LumIR Lasers \u00e0 tout moment.<\/p>\n\n\n\n<h2 class=\"wp-block-heading\">Responsabilit\u00e9<\/h2>\n\n\n\n<p>Notre site Web et les documents qu&rsquo;il contient sont fournis \u00ab tels quels \u00bb. Dans la mesure permise par la loi, LumIR Lasers ne donne aucune garantie, expresse ou implicite, et d\u00e9cline et nie par la pr\u00e9sente toutes les autres garanties, y compris, sans limitation, les garanties ou conditions implicites de qualit\u00e9 marchande, d&rsquo;ad\u00e9quation \u00e0 un usage particulier, de non-violation de la propri\u00e9t\u00e9 intellectuelle ou d&rsquo;autres violations de droits.<\/p>\n\n\n\n<p>LumIR Lasers ou ses fournisseurs ne peuvent en aucun cas \u00eatre tenus responsables de toute perte cons\u00e9cutive subie ou encourue par vous ou un tiers r\u00e9sultant de l&rsquo;utilisation ou de l&rsquo;impossibilit\u00e9 d&rsquo;utiliser ce site Web ou les documents qu&rsquo;il contient, m\u00eame si LumIR Lasers ou un repr\u00e9sentant autoris\u00e9 a \u00e9t\u00e9 inform\u00e9, oralement ou par \u00e9crit, de la possibilit\u00e9 de tels dommages.<\/p>\n\n\n\n<p>Dans le cadre du pr\u00e9sent contrat, le terme \u00ab perte cons\u00e9cutive \u00bb d\u00e9signe toute perte cons\u00e9cutive, perte indirecte, perte r\u00e9elle ou anticip\u00e9e de profit, perte de b\u00e9n\u00e9fice, perte de revenus, perte d&rsquo;activit\u00e9, perte de client\u00e8le, perte d&rsquo;opportunit\u00e9, perte d&rsquo;\u00e9conomies, perte de r\u00e9putation, perte d&rsquo;utilisation et\/ou perte ou corruption de donn\u00e9es, que ce soit en vertu d&rsquo;une loi, d&rsquo;un contrat, d&rsquo;un acte en \u00e9quit\u00e9, d&rsquo;un d\u00e9lit (y compris la n\u00e9gligence), d&rsquo;une indemnit\u00e9 ou autre.<\/p>\n\n\n\n<p>\u00c9tant donn\u00e9 que certaines juridictions n&rsquo;autorisent pas les limitations des garanties implicites ou les limitations de responsabilit\u00e9 pour les dommages indirects ou accessoires, ces limitations peuvent ne pas s&rsquo;appliquer \u00e0 vous.<\/p>\n\n\n\n<h2 class=\"wp-block-heading\">Pr\u00e9cision du mat\u00e9riel<\/h2>\n\n\n\n<p>Les documents figurant sur notre site Web ne sont pas exhaustifs et sont fournis \u00e0 titre d&rsquo;information g\u00e9n\u00e9rale uniquement. LumIR Lasers ne garantit ni ne fait aucune d\u00e9claration concernant l&rsquo;exactitude, les r\u00e9sultats probables ou la fiabilit\u00e9 de l&rsquo;utilisation des documents sur ce site Web, ou concernant ces documents ou sur toute ressource li\u00e9e \u00e0 ce site Web.<\/p>\n\n\n\n<h2 class=\"wp-block-heading\">Liens<\/h2>\n\n\n\n<p>LumIR Lasers n&rsquo;a pas examin\u00e9 tous les sites li\u00e9s \u00e0 son site Web et n&rsquo;est pas responsable du contenu de ces sites. L&rsquo;inclusion d&rsquo;un lien n&rsquo;implique pas l&rsquo;approbation, l&rsquo;approbation ou le contr\u00f4le par LumIR Lasers du site. L&rsquo;utilisation de ces sites li\u00e9s se fait \u00e0 vos propres risques et nous vous conseillons vivement de faire vos propres recherches quant \u00e0 la pertinence de ces sites.<\/p>\n\n\n\n<h2 class=\"wp-block-heading\">Droit de r\u00e9siliation<\/h2>\n\n\n\n<p>Nous pouvons suspendre ou r\u00e9silier votre droit d&rsquo;utiliser notre site Web et r\u00e9silier ces conditions d&rsquo;utilisation imm\u00e9diatement apr\u00e8s notification \u00e9crite pour toute violation de ces conditions d&rsquo;utilisation.<\/p>\n\n\n\n<h2 class=\"wp-block-heading\">Rupture<\/h2>\n\n\n\n<p>Toute disposition des pr\u00e9sentes Conditions d&rsquo;utilisation qui est totalement ou partiellement nulle ou inapplicable est supprim\u00e9e dans la mesure o\u00f9 elle est nulle ou inapplicable. La validit\u00e9 du reste des pr\u00e9sentes Conditions d&rsquo;utilisation n&rsquo;est pas affect\u00e9e.<\/p>\n\n\n\n<h2 class=\"wp-block-heading\">Loi applicable<\/h2>\n\n\n\n<p>Les pr\u00e9sentes conditions d&rsquo;utilisation sont r\u00e9gies et interpr\u00e9t\u00e9es conform\u00e9ment aux lois du Canada. Vous vous soumettez irr\u00e9vocablement \u00e0 la comp\u00e9tence exclusive des tribunaux de cet \u00c9tat ou de ce lieu.<\/p>\n","protected":false},"excerpt":{"rendered":"<p>Ces conditions d&rsquo;utilisation r\u00e9gissent votre utilisation du site Web situ\u00e9 \u00e0 l&rsquo;adresse https:\/\/lumirlasers.com et de tous les services associ\u00e9s fournis par LumIR Lasers. En acc\u00e9dant \u00e0 https:\/\/lumirlasers.com, vous acceptez de respecter ces conditions d&rsquo;utilisation et de vous conformer \u00e0 toutes les lois et r\u00e9glementations applicables. Si vous n&rsquo;\u00eates pas d&rsquo;accord avec ces conditions d&rsquo;utilisation, il [&hellip;]<\/p>\n","protected":false},"author":1,"featured_media":0,"parent":0,"menu_order":0,"comment_status":"closed","ping_status":"closed","template":"","meta":{"_acf_changed":false,"footnotes":""},"class_list":["post-1067","page","type-page","status-publish","hentry"],"acf":[],"yoast_head":"<!-- This site is optimized with the Yoast SEO plugin v26.9 - https:\/\/yoast.com\/product\/yoast-seo-wordpress\/ -->\n<title>Conditions d&#039;utilisation - LumIR Lasers<\/title>\n<meta name=\"robots\" content=\"index, follow, max-snippet:-1, max-image-preview:large, max-video-preview:-1\" \/>\n<link rel=\"canonical\" href=\"https:\/\/lumirlasers.com\/fr\/conditions-utilisation\/\" \/>\n<meta property=\"og:locale\" content=\"en_US\" \/>\n<meta property=\"og:type\" content=\"article\" \/>\n<meta property=\"og:title\" content=\"Conditions d&#039;utilisation - LumIR Lasers\" \/>\n<meta property=\"og:description\" content=\"Ces conditions d&rsquo;utilisation r\u00e9gissent votre utilisation du site Web situ\u00e9 \u00e0 l&rsquo;adresse https:\/\/lumirlasers.com et de tous les services associ\u00e9s fournis par LumIR Lasers. En acc\u00e9dant \u00e0 https:\/\/lumirlasers.com, vous acceptez de respecter ces conditions d&rsquo;utilisation et de vous conformer \u00e0 toutes les lois et r\u00e9glementations applicables. Si vous n&rsquo;\u00eates pas d&rsquo;accord avec ces conditions d&rsquo;utilisation, il [&hellip;]\" \/>\n<meta property=\"og:url\" content=\"https:\/\/lumirlasers.com\/fr\/conditions-utilisation\/\" \/>\n<meta property=\"og:site_name\" content=\"LumIR Lasers\" \/>\n<meta property=\"article:modified_time\" content=\"2024-06-17T20:40:48+00:00\" \/>\n<meta property=\"og:image\" content=\"https:\/\/lumirlasers.com\/wp-content\/uploads\/2022\/04\/logo_lumir_header.png\" \/>\n\t<meta property=\"og:image:width\" content=\"1200\" \/>\n\t<meta property=\"og:image:height\" content=\"630\" \/>\n\t<meta property=\"og:image:type\" content=\"image\/png\" \/>\n<meta name=\"twitter:card\" content=\"summary_large_image\" \/>\n<meta name=\"twitter:label1\" content=\"Estimation du temps de lecture\" \/>\n\t<meta name=\"twitter:data1\" content=\"4 minutes\" \/>\n<script type=\"application\/ld+json\" class=\"yoast-schema-graph\">{\"@context\":\"https:\/\/schema.org\",\"@graph\":[{\"@type\":\"WebPage\",\"@id\":\"https:\/\/lumirlasers.com\/fr\/conditions-utilisation\/\",\"url\":\"https:\/\/lumirlasers.com\/fr\/conditions-utilisation\/\",\"name\":\"Conditions d'utilisation - LumIR Lasers\",\"isPartOf\":{\"@id\":\"https:\/\/lumirlasers.com\/fr\/#website\"},\"datePublished\":\"2022-06-23T18:34:54+00:00\",\"dateModified\":\"2024-06-17T20:40:48+00:00\",\"breadcrumb\":{\"@id\":\"https:\/\/lumirlasers.com\/fr\/conditions-utilisation\/#breadcrumb\"},\"inLanguage\":\"fr-CA\",\"potentialAction\":[{\"@type\":\"ReadAction\",\"target\":[\"https:\/\/lumirlasers.com\/fr\/conditions-utilisation\/\"]}]},{\"@type\":\"BreadcrumbList\",\"@id\":\"https:\/\/lumirlasers.com\/fr\/conditions-utilisation\/#breadcrumb\",\"itemListElement\":[{\"@type\":\"ListItem\",\"position\":1,\"name\":\"Home\",\"item\":\"https:\/\/lumirlasers.com\/fr\/\"},{\"@type\":\"ListItem\",\"position\":2,\"name\":\"Conditions d&rsquo;utilisation\"}]},{\"@type\":\"WebSite\",\"@id\":\"https:\/\/lumirlasers.com\/fr\/#website\",\"url\":\"https:\/\/lumirlasers.com\/fr\/\",\"name\":\"LumIR Lasers\",\"description\":\"Just another WordPress site\",\"publisher\":{\"@id\":\"https:\/\/lumirlasers.com\/fr\/#organization\"},\"potentialAction\":[{\"@type\":\"SearchAction\",\"target\":{\"@type\":\"EntryPoint\",\"urlTemplate\":\"https:\/\/lumirlasers.com\/fr\/?s={search_term_string}\"},\"query-input\":{\"@type\":\"PropertyValueSpecification\",\"valueRequired\":true,\"valueName\":\"search_term_string\"}}],\"inLanguage\":\"fr-CA\"},{\"@type\":\"Organization\",\"@id\":\"https:\/\/lumirlasers.com\/fr\/#organization\",\"name\":\"LumIR Lasers\",\"url\":\"https:\/\/lumirlasers.com\/fr\/\",\"logo\":{\"@type\":\"ImageObject\",\"inLanguage\":\"fr-CA\",\"@id\":\"https:\/\/lumirlasers.com\/fr\/#\/schema\/logo\/image\/\",\"url\":\"https:\/\/lumirlasers.com\/wp-content\/uploads\/2022\/04\/logo_lumir_header.png\",\"contentUrl\":\"https:\/\/lumirlasers.com\/wp-content\/uploads\/2022\/04\/logo_lumir_header.png\",\"width\":1200,\"height\":630,\"caption\":\"LumIR Lasers\"},\"image\":{\"@id\":\"https:\/\/lumirlasers.com\/fr\/#\/schema\/logo\/image\/\"}}]}<\/script>\n<!-- \/ Yoast SEO plugin. -->","yoast_head_json":{"title":"Conditions d'utilisation - LumIR Lasers","robots":{"index":"index","follow":"follow","max-snippet":"max-snippet:-1","max-image-preview":"max-image-preview:large","max-video-preview":"max-video-preview:-1"},"canonical":"https:\/\/lumirlasers.com\/fr\/conditions-utilisation\/","og_locale":"en_US","og_type":"article","og_title":"Conditions d'utilisation - LumIR Lasers","og_description":"Ces conditions d&rsquo;utilisation r\u00e9gissent votre utilisation du site Web situ\u00e9 \u00e0 l&rsquo;adresse https:\/\/lumirlasers.com et de tous les services associ\u00e9s fournis par LumIR Lasers. En acc\u00e9dant \u00e0 https:\/\/lumirlasers.com, vous acceptez de respecter ces conditions d&rsquo;utilisation et de vous conformer \u00e0 toutes les lois et r\u00e9glementations applicables. Si vous n&rsquo;\u00eates pas d&rsquo;accord avec ces conditions d&rsquo;utilisation, il [&hellip;]","og_url":"https:\/\/lumirlasers.com\/fr\/conditions-utilisation\/","og_site_name":"LumIR Lasers","article_modified_time":"2024-06-17T20:40:48+00:00","og_image":[{"width":1200,"height":630,"url":"https:\/\/lumirlasers.com\/wp-content\/uploads\/2022\/04\/logo_lumir_header.png","type":"image\/png"}],"twitter_card":"summary_large_image","twitter_misc":{"Estimation du temps de lecture":"4 minutes"},"schema":{"@context":"https:\/\/schema.org","@graph":[{"@type":"WebPage","@id":"https:\/\/lumirlasers.com\/fr\/conditions-utilisation\/","url":"https:\/\/lumirlasers.com\/fr\/conditions-utilisation\/","name":"Conditions d'utilisation - LumIR Lasers","isPartOf":{"@id":"https:\/\/lumirlasers.com\/fr\/#website"},"datePublished":"2022-06-23T18:34:54+00:00","dateModified":"2024-06-17T20:40:48+00:00","breadcrumb":{"@id":"https:\/\/lumirlasers.com\/fr\/conditions-utilisation\/#breadcrumb"},"inLanguage":"fr-CA","potentialAction":[{"@type":"ReadAction","target":["https:\/\/lumirlasers.com\/fr\/conditions-utilisation\/"]}]},{"@type":"BreadcrumbList","@id":"https:\/\/lumirlasers.com\/fr\/conditions-utilisation\/#breadcrumb","itemListElement":[{"@type":"ListItem","position":1,"name":"Home","item":"https:\/\/lumirlasers.com\/fr\/"},{"@type":"ListItem","position":2,"name":"Conditions d&rsquo;utilisation"}]},{"@type":"WebSite","@id":"https:\/\/lumirlasers.com\/fr\/#website","url":"https:\/\/lumirlasers.com\/fr\/","name":"LumIR Lasers","description":"Just another WordPress site","publisher":{"@id":"https:\/\/lumirlasers.com\/fr\/#organization"},"potentialAction":[{"@type":"SearchAction","target":{"@type":"EntryPoint","urlTemplate":"https:\/\/lumirlasers.com\/fr\/?s={search_term_string}"},"query-input":{"@type":"PropertyValueSpecification","valueRequired":true,"valueName":"search_term_string"}}],"inLanguage":"fr-CA"},{"@type":"Organization","@id":"https:\/\/lumirlasers.com\/fr\/#organization","name":"LumIR Lasers","url":"https:\/\/lumirlasers.com\/fr\/","logo":{"@type":"ImageObject","inLanguage":"fr-CA","@id":"https:\/\/lumirlasers.com\/fr\/#\/schema\/logo\/image\/","url":"https:\/\/lumirlasers.com\/wp-content\/uploads\/2022\/04\/logo_lumir_header.png","contentUrl":"https:\/\/lumirlasers.com\/wp-content\/uploads\/2022\/04\/logo_lumir_header.png","width":1200,"height":630,"caption":"LumIR Lasers"},"image":{"@id":"https:\/\/lumirlasers.com\/fr\/#\/schema\/logo\/image\/"}}]}},"_links":{"self":[{"href":"https:\/\/lumirlasers.com\/fr\/wp-json\/wp\/v2\/pages\/1067","targetHints":{"allow":["GET"]}}],"collection":[{"href":"https:\/\/lumirlasers.com\/fr\/wp-json\/wp\/v2\/pages"}],"about":[{"href":"https:\/\/lumirlasers.com\/fr\/wp-json\/wp\/v2\/types\/page"}],"author":[{"embeddable":true,"href":"https:\/\/lumirlasers.com\/fr\/wp-json\/wp\/v2\/users\/1"}],"replies":[{"embeddable":true,"href":"https:\/\/lumirlasers.com\/fr\/wp-json\/wp\/v2\/comments?post=1067"}],"version-history":[{"count":2,"href":"https:\/\/lumirlasers.com\/fr\/wp-json\/wp\/v2\/pages\/1067\/revisions"}],"predecessor-version":[{"id":1116,"href":"https:\/\/lumirlasers.com\/fr\/wp-json\/wp\/v2\/pages\/1067\/revisions\/1116"}],"wp:attachment":[{"href":"https:\/\/lumirlasers.com\/fr\/wp-json\/wp\/v2\/media?parent=1067"}],"curies":[{"name":"wp","href":"https:\/\/api.w.org\/{rel}","templated":true}]}}